{"id":1495,"date":"2025-10-31T13:03:40","date_gmt":"2025-10-31T13:03:40","guid":{"rendered":"https:\/\/chickenexpressptyltd.com\/?post_type=product&#038;p=1495"},"modified":"2026-03-19T04:08:19","modified_gmt":"2026-03-19T04:08:19","slug":"kup-mrozonego-calego-halal-kurczaka","status":"publish","type":"product","link":"https:\/\/chickenexpressptyltd.com\/pl\/produkt\/kup-mrozonego-calego-halal-kurczaka\/","title":{"rendered":"Mro\u017cony ca\u0142y kurczak halal na sprzeda\u017c"},"content":{"rendered":"<h3 data-start=\"968\" data-end=\"1047\"><strong data-start=\"972\" data-end=\"1047\">Kup mro\u017conego ca\u0142ego kurczaka halal \u2013 100% certyfikowanego, \u015bwie\u017cego i aromatycznego<\/strong><\/h3>\n<p data-start=\"1049\" data-end=\"1349\">Na <strong data-start=\"1052\" data-end=\"1079\">Chicken Express Pty Ltd<\/strong>, dostarczamy <strong data-start=\"1091\" data-end=\"1136\">mro\u017cone ca\u0142e kurczaki halal najwy\u017cszej jako\u015bci<\/strong>, przetwarzane zgodnie z surowymi standardami higieny i certyfikowane jako Halal dla muzu\u0142ma\u0144skich konsument\u00f3w na ca\u0142ym \u015bwiecie. Nasze kurczaki s\u0105 <strong data-start=\"1248\" data-end=\"1289\">pochodz\u0105 ze sprawdzonych brazylijskich gospodarstw<\/strong>, gdzie jako\u015b\u0107, bezpiecze\u0144stwo i etyczne praktyki s\u0105 na pierwszym miejscu.<\/p>\n<p data-start=\"1351\" data-end=\"1677\">Ka\u017cdy kurczak jest <strong data-start=\"1367\" data-end=\"1409\">zabite zgodnie z islamskimi rytua\u0142ami<\/strong>zapewniaj\u0105c pe\u0142n\u0105 <strong data-start=\"1425\" data-end=\"1448\">Certyfikacja halal<\/strong> i identyfikowalno\u015b\u0107 od gospodarstwa do opakowania. Zaraz po przetworzeniu ka\u017cdy ptak jest <strong data-start=\"1534\" data-end=\"1550\">szybko zamro\u017cone<\/strong> Pozwala to zachowa\u0107 naturalny smak, krucho\u015b\u0107 i warto\u015bci od\u017cywcze mi\u0119sa \u2013 oferuj\u0105c taki sam smak i jako\u015b\u0107 jak \u015bwie\u017cy kurczak.<\/p>\n<p data-start=\"1679\" data-end=\"1860\">Niezale\u017cnie od tego, czy jeste\u015b <strong data-start=\"1696\" data-end=\"1710\">restaurant<\/strong>, <strong data-start=\"1712\" data-end=\"1727\">supermarket<\/strong>, or <strong data-start=\"1732\" data-end=\"1757\">wholesale distributor<\/strong>, our <strong data-start=\"1763\" data-end=\"1793\">Mro\u017cony ca\u0142y kurczak halal na sprzeda\u017c<\/strong> Gwarantujemy niezmienn\u0105 jako\u015b\u0107 i smak, kt\u00f3rym zaufaj\u0105 Twoi klienci. Kup mro\u017cone, ca\u0142e kurczaki halal.<\/p>\n<p data-start=\"1679\" data-end=\"1860\"><img fetchpriority=\"high\" decoding=\"async\" class=\"size-medium wp-image-1506 aligncenter\" src=\"https:\/\/chickenexpressptyltd.com\/wp-content\/uploads\/2025\/10\/chicken-Whole1-300x300.png\" alt=\"Kup mro\u017conego, ca\u0142ego kurczaka halal.\" width=\"300\" height=\"300\" srcset=\"https:\/\/chickenexpressptyltd.com\/wp-content\/uploads\/2025\/10\/chicken-Whole1-300x300.png 300w, https:\/\/chickenexpressptyltd.com\/wp-content\/uploads\/2025\/10\/chicken-Whole1-100x100.png 100w, https:\/\/chickenexpressptyltd.com\/wp-content\/uploads\/2025\/10\/chicken-Whole1-150x150.png 150w, https:\/\/chickenexpressptyltd.com\/wp-content\/uploads\/2025\/10\/chicken-Whole1.png 348w\" sizes=\"(max-width: 300px) 100vw, 300px\" \/><\/p>\n<hr data-start=\"1862\" data-end=\"1865\" \/>\n<h3 data-start=\"1867\" data-end=\"1933\"><strong data-start=\"1871\" data-end=\"1933\">Farm Fresh Quality \u2013 From Australian Farms to Your Freezer<\/strong><\/h3>\n<p data-start=\"1935\" data-end=\"2173\">Our frozen whole chickens are raised in clean, well-managed environments where poultry welfare and natural feeding are priorities. The result is <strong data-start=\"2080\" data-end=\"2121\">meaty, tender, and flavourful chicken<\/strong>, rich in protein and naturally juicy when cooked. Buy frozen whole halal chicken.<\/p>\n<p data-start=\"2175\" data-end=\"2190\">Each bird is:<\/p>\n<ul data-start=\"2191\" data-end=\"2501\">\n<li data-start=\"2191\" data-end=\"2251\">\n<p data-start=\"2193\" data-end=\"2251\"><strong data-start=\"2193\" data-end=\"2227\">Humanely and Halal slaughtered<\/strong> by trained personnel.<\/p>\n<\/li>\n<li data-start=\"2252\" data-end=\"2340\">\n<p data-start=\"2254\" data-end=\"2340\"><strong data-start=\"2254\" data-end=\"2297\">Processed in HACCP-certified facilities<\/strong> to meet Australian and global standards.<\/p>\n<\/li>\n<li data-start=\"2341\" data-end=\"2418\">\n<p data-start=\"2343\" data-end=\"2418\"><strong data-start=\"2343\" data-end=\"2368\">Quick frozen at -40\u00b0C<\/strong>, locking in freshness and extending shelf life.<\/p>\n<\/li>\n<li data-start=\"2419\" data-end=\"2501\">\n<p data-start=\"2421\" data-end=\"2501\"><strong data-start=\"2421\" data-end=\"2444\">Individually packed<\/strong> in food-grade materials for easy handling and storage.<\/p>\n<\/li>\n<\/ul>\n<p data-start=\"2503\" data-end=\"2667\">This process ensures our chicken retains its <strong data-start=\"2548\" data-end=\"2582\">moisture, taste, and nutrients<\/strong>, giving chefs and consumers a product that cooks evenly and tastes fresh every time. Buy frozen whole halal chicken.<\/p>\n<hr data-start=\"2669\" data-end=\"2672\" \/>\n<h3 data-start=\"2674\" data-end=\"2729\"><strong data-start=\"2678\" data-end=\"2729\">Why Choose Chicken Express Whole Halal Chicken?<\/strong><\/h3>\n<p data-start=\"2731\" data-end=\"3271\">\u2705 <strong data-start=\"2733\" data-end=\"2758\">100% Halal Certified:<\/strong> Fully compliant with Islamic dietary laws and inspected by authorised bodies.<br data-start=\"2836\" data-end=\"2839\" \/>\u2705 <strong data-start=\"2841\" data-end=\"2864\">Farm-Fresh Quality:<\/strong> Raised on Australian farms under strict health standards.<br data-start=\"2922\" data-end=\"2925\" \/>\u2705 <strong data-start=\"2927\" data-end=\"2956\">Frozen at Peak Freshness:<\/strong> Locking in natural flavour, tenderness, and nutrition.<br data-start=\"3011\" data-end=\"3014\" \/>\u2705 <strong data-start=\"3016\" data-end=\"3050\">Bez dodatk\u00f3w i konserwant\u00f3w:<\/strong> Just pure, clean chicken \u2014 naturally delicious.<br data-start=\"3098\" data-end=\"3101\" \/>\u2705 <strong data-start=\"3103\" data-end=\"3127\">Bulk Supply Options:<\/strong> Ideal for restaurants, hotels, supermarkets, and foodservice.<br data-start=\"3189\" data-end=\"3192\" \/>\u2705 <strong data-start=\"3194\" data-end=\"3214\">HACCP Certified:<\/strong> Ensuring global food safety and processing excellence.<\/p>\n<p data-start=\"3273\" data-end=\"3469\">Every chicken from <a href=\"https:\/\/chickenexpressptyltd.com\/pl\/\"><strong data-start=\"3292\" data-end=\"3319\">Chicken Express Pty Ltd<\/strong> <\/a>is handled with the utmost care, guaranteeing a product that reflects the <strong data-start=\"3394\" data-end=\"3415\">premium standards<\/strong> expected from leading poultry suppliers in Australia. Buy frozen whole halal chicken.<\/p>\n<p><img decoding=\"async\" class=\"size-medium wp-image-1508 aligncenter\" src=\"https:\/\/chickenexpressptyltd.com\/wp-content\/uploads\/2025\/10\/whole-chickens-300x194.jpg\" alt=\"buy halal frozen chicken online\" width=\"300\" height=\"194\" srcset=\"https:\/\/chickenexpressptyltd.com\/wp-content\/uploads\/2025\/10\/whole-chickens-300x194.jpg 300w, https:\/\/chickenexpressptyltd.com\/wp-content\/uploads\/2025\/10\/whole-chickens-600x388.jpg 600w, https:\/\/chickenexpressptyltd.com\/wp-content\/uploads\/2025\/10\/whole-chickens.jpg 612w\" sizes=\"(max-width: 300px) 100vw, 300px\" \/><\/p>\n<hr data-start=\"3471\" data-end=\"3474\" \/>\n<h3 data-start=\"3476\" data-end=\"3521\"><strong data-start=\"3480\" data-end=\"3521\">Perfect for All Culinary Applications<\/strong><\/h3>\n<p data-start=\"3523\" data-end=\"3754\">Our <strong data-start=\"3527\" data-end=\"3557\">Mro\u017cony ca\u0142y kurczak halal na sprzeda\u017c<\/strong> is versatile, making it suitable for a wide range of cooking styles and cuisines. Whether roasted whole, grilled, boiled for soups, or cut for portions, the result is always tender and flavourful. Buy Frozen Whole Halal Chicken.<\/p>\n<p data-start=\"3756\" data-end=\"4092\">Popular culinary uses include:<br data-start=\"3786\" data-end=\"3789\" \/>\ud83c\udf57 <strong data-start=\"3792\" data-end=\"3816\">Whole Roast Chicken:<\/strong> Perfect for family meals and restaurants.<br data-start=\"3858\" data-end=\"3861\" \/>\ud83e\udd58 <strong data-start=\"3864\" data-end=\"3889\">Chicken Stew or Soup:<\/strong> Ideal for rich, collagen-filled broths.<br data-start=\"3929\" data-end=\"3932\" \/>\ud83d\udd25 <strong data-start=\"3935\" data-end=\"3969\">Grilled or Rotisserie Chicken:<\/strong> Retains juiciness and aroma.<br data-start=\"3998\" data-end=\"4001\" \/>\ud83c\udf5b <strong data-start=\"4004\" data-end=\"4033\">Traditional Halal Dishes:<\/strong> Great for biryanis, curries, and Middle Eastern recipes.<\/p>\n<p data-start=\"4094\" data-end=\"4191\">Its clean, natural taste makes it a chef\u2019s favourite for both <strong data-start=\"4156\" data-end=\"4190\">local and international dishes<\/strong>. Buy frozen whole halal chicken.<\/p>\n<hr data-start=\"4193\" data-end=\"4196\" \/>\n<h3 data-start=\"4198\" data-end=\"4242\"><strong data-start=\"4202\" data-end=\"4242\">Opis produktu i specyfikacje<\/strong><\/h3>\n<div class=\"_tableContainer_1rjym_1\">\n<div class=\"group _tableWrapper_1rjym_13 flex w-fit flex-col-reverse\" tabindex=\"-1\">\n<table class=\"w-fit min-w-(--thread-content-width)\" style=\"height: 304px;\" width=\"841\" data-start=\"4244\" data-end=\"4715\">\n<thead data-start=\"4244\" data-end=\"4279\">\n<tr data-start=\"4244\" data-end=\"4279\">\n<th data-start=\"4244\" data-end=\"4264\" data-col-size=\"sm\"><strong data-start=\"4246\" data-end=\"4263\">Specyfikacja<\/strong><\/th>\n<th data-start=\"4264\" data-end=\"4279\" data-col-size=\"md\"><strong data-start=\"4266\" data-end=\"4277\">Bli\u017csze dane<\/strong><\/th>\n<\/tr>\n<\/thead>\n<tbody data-start=\"4317\" data-end=\"4715\">\n<tr data-start=\"4317\" data-end=\"4362\">\n<td data-start=\"4317\" data-end=\"4332\" data-col-size=\"sm\">Nazwa produktu<\/td>\n<td data-col-size=\"md\" data-start=\"4332\" data-end=\"4362\">Mro\u017cony ca\u0142y kurczak halal na sprzeda\u017c<\/td>\n<\/tr>\n<tr data-start=\"4363\" data-end=\"4385\">\n<td data-start=\"4363\" data-end=\"4372\" data-col-size=\"sm\">Pochodzenie<\/td>\n<td data-col-size=\"md\" data-start=\"4372\" data-end=\"4385\">Brazylia<\/td>\n<\/tr>\n<tr data-start=\"4386\" data-end=\"4428\">\n<td data-start=\"4386\" data-end=\"4393\" data-col-size=\"sm\">Tipo<\/td>\n<td data-col-size=\"md\" data-start=\"4393\" data-end=\"4428\">Whole Chicken \u2013 Halal Certified<\/td>\n<\/tr>\n<tr data-start=\"4429\" data-end=\"4494\">\n<td data-start=\"4429\" data-end=\"4444\" data-col-size=\"sm\">Zakres wagowy<\/td>\n<td data-col-size=\"md\" data-start=\"4444\" data-end=\"4494\">800g \u2013 2.2kg per bird (custom sizes available)<\/td>\n<\/tr>\n<tr data-start=\"4495\" data-end=\"4549\">\n<td data-start=\"4495\" data-end=\"4507\" data-col-size=\"sm\">Opakowanie<\/td>\n<td data-start=\"4507\" data-end=\"4549\" data-col-size=\"md\">Kartony lub worki foliowe o wadze 10 kg \/ 15 kg \/ 20 kg.<\/td>\n<\/tr>\n<tr data-start=\"4550\" data-end=\"4593\">\n<td data-start=\"4550\" data-end=\"4560\" data-col-size=\"sm\">Storage<\/td>\n<td data-start=\"4560\" data-end=\"4593\" data-col-size=\"md\">Przechowywa\u0107 w temperaturze -18\u00b0C lub ni\u017cszej.<\/td>\n<\/tr>\n<tr data-start=\"4594\" data-end=\"4620\">\n<td data-start=\"4594\" data-end=\"4607\" data-col-size=\"sm\">Okres przydatno\u015bci do spo\u017cycia<\/td>\n<td data-start=\"4607\" data-end=\"4620\" data-col-size=\"md\">12 miesi\u0119cy<\/td>\n<\/tr>\n<tr data-start=\"4621\" data-end=\"4668\">\n<td data-start=\"4621\" data-end=\"4637\" data-col-size=\"sm\">Orzecznictwo<\/td>\n<td data-start=\"4637\" data-end=\"4668\" data-col-size=\"md\">Halal, HACCP, ISO certified<\/td>\n<\/tr>\n<tr data-start=\"4669\" data-end=\"4715\">\n<td data-start=\"4669\" data-end=\"4680\" data-col-size=\"sm\">Dostawa<\/td>\n<td data-start=\"4680\" data-end=\"4715\" data-col-size=\"md\">Og\u00f3lnokrajowa logistyka \u0142a\u0144cucha ch\u0142odniczego.<\/td>\n<\/tr>\n<\/tbody>\n<\/table>\n<\/div>\n<\/div>\n<hr data-start=\"4717\" data-end=\"4720\" \/>\n<h3 data-start=\"4722\" data-end=\"4758\"><strong data-start=\"4726\" data-end=\"4758\">Jako\u015b\u0107 eksportowa i zam\u00f3wienia hurtowe<\/strong><\/h3>\n<p data-start=\"4760\" data-end=\"5015\">Firma Chicken Express Pty Ltd dostarcza <strong data-start=\"4793\" data-end=\"4823\">Mro\u017cony ca\u0142y kurczak halal na sprzeda\u017c<\/strong> zar\u00f3wno w kraju, jak i za granic\u0105. Nasze <strong data-start=\"4867\" data-end=\"4891\">logistyka \u0142a\u0144cucha ch\u0142odniczego<\/strong> and <strong data-start=\"4896\" data-end=\"4925\">container-ready packaging<\/strong> ensure that each shipment arrives frozen solid, maintaining product integrity and safety.<\/p>\n<p data-start=\"5017\" data-end=\"5031\">We cater to:<\/p>\n<ul data-start=\"5032\" data-end=\"5173\">\n<li data-start=\"5032\" data-end=\"5060\">\n<p data-start=\"5034\" data-end=\"5060\">Foodservice distributors<\/p>\n<\/li>\n<li data-start=\"5061\" data-end=\"5082\">\n<p data-start=\"5063\" data-end=\"5082\">Restaurant chains<\/p>\n<\/li>\n<li data-start=\"5083\" data-end=\"5113\">\n<p data-start=\"5085\" data-end=\"5113\">Retailers and supermarkets<\/p>\n<\/li>\n<li data-start=\"5114\" data-end=\"5173\">\n<p data-start=\"5116\" data-end=\"5173\">Export clients across Asia, the Middle East, and Africa<\/p>\n<\/li>\n<\/ul>\n<p data-start=\"5175\" data-end=\"5320\">With flexible packaging options and custom order volumes, we are the trusted name in <strong data-start=\"5260\" data-end=\"5291\">Halal frozen poultry supply<\/strong> across Australia and beyond. <a href=\"https:\/\/globaltravelptyltd.com\/\" target=\"_blank\" rel=\"noopener\">Business visa and certificates<\/a> for whole chickens.<img decoding=\"async\" class=\"size-medium wp-image-1509 aligncenter\" src=\"https:\/\/chickenexpressptyltd.com\/wp-content\/uploads\/2025\/10\/whole-chicken-300x209.jpg\" alt=\"buy halal frozen chicken online\" width=\"300\" height=\"209\" srcset=\"https:\/\/chickenexpressptyltd.com\/wp-content\/uploads\/2025\/10\/whole-chicken-300x209.jpg 300w, https:\/\/chickenexpressptyltd.com\/wp-content\/uploads\/2025\/10\/whole-chicken.jpg 430w\" sizes=\"(max-width: 300px) 100vw, 300px\" \/><\/p>\n<hr data-start=\"5322\" data-end=\"5325\" \/>\n<h3 data-start=\"5327\" data-end=\"5370\"><strong data-start=\"5331\" data-end=\"5370\">Gwarancja jako\u015bci, na kt\u00f3r\u0105 mo\u017cesz liczy\u0107<\/strong><\/h3>\n<p data-start=\"5372\" data-end=\"5633\">Ka\u017cdy ptak przechodzi wielokrotne kontrole jako\u015bci przed zamro\u017ceniem i zapakowaniem. Nasze wewn\u0119trzne systemy kontroli jako\u015bci monitoruj\u0105 <strong data-start=\"5497\" data-end=\"5546\">temperatura, higiena i sp\u00f3jno\u015b\u0107 produktu<\/strong>, zapewniaj\u0105c, \u017ce ka\u017cda przesy\u0142ka spe\u0142nia oba <strong data-start=\"5583\" data-end=\"5632\">mi\u0119dzynarodowe standardy eksportowe<\/strong>.<\/p>\n<p data-start=\"5635\" data-end=\"5779\">Gwarantujemy niezawodno\u015b\u0107, przejrzysto\u015b\u0107 i najwy\u017csz\u0105 jako\u015b\u0107 produkt\u00f3w \u2014 podstawy naszych d\u0142ugotrwa\u0142ych relacji z klientami na ca\u0142ym \u015bwiecie. <a href=\"https:\/\/containerinternationalaustralia.com\/\" target=\"_blank\" rel=\"noopener\">Kontenery do wysy\u0142ki ekspresowej<\/a> dla ca\u0142ego kurczaka.<\/p>\n<p data-start=\"5635\" data-end=\"5779\">\n<hr data-start=\"5781\" data-end=\"5784\" \/>\n<h3 data-start=\"5786\" data-end=\"5828\"><\/h3>","protected":false},"excerpt":{"rendered":"<style id=\"wpforms-css-vars-1482\">\n\t\t\t\t#wpforms-1482 {\n\t\t\t\t--wpforms-container-padding: 0px;\n--wpforms-container-border-width: 1px;\n--wpforms-container-border-radius: 3px;\n--wpforms-background-color: rgba(0, 0, 0, 0);\n--wpforms-field-size-input-height: 43px;\n--wpforms-field-size-input-spacing: 15px;\n--wpforms-field-size-font-size: 16px;\n--wpforms-field-size-line-height: 19px;\n--wpforms-field-size-padding-h: 14px;\n--wpforms-field-size-checkbox-size: 16px;\n--wpforms-field-size-sublabel-spacing: 5px;\n--wpforms-field-size-icon-size: 1;\n--wpforms-label-size-font-size: 16px;\n--wpforms-label-size-line-height: 19px;\n--wpforms-label-size-sublabel-font-size: 14px;\n--wpforms-label-size-sublabel-line-height: 17px;\n--wpforms-button-size-font-size: 17px;\n--wpforms-button-size-height: 41px;\n--wpforms-button-size-padding-h: 15px;\n--wpforms-button-size-margin-top: 10px;\n--wpforms-container-shadow-size-box-shadow: none;\n\t\t\t}\n\t\t\t<\/style>\n<div class=\"wpforms-container wpforms-container-full wpforms-render-modern\" id=\"wpforms-1482\">\n<form id=\"wpforms-form-1482\" class=\"wpforms-validate wpforms-form wpforms-ajax-form\" data-formid=\"1482\" method=\"post\" enctype=\"multipart\/form-data\" action=\"\/pl\/wp-json\/wp\/v2\/product\/1495\" data-token=\"7cfc0e1a0c7ad84bdb51bec795f777fa\" data-token-time=\"1775281616\"><noscript class=\"wpforms-error-noscript\">Aby wype\u0142ni\u0107 ten formularz, w\u0142\u0105cz obs\u0142ug\u0119 JavaScript w przegl\u0105darce.<\/noscript><\/p>\n<div id=\"wpforms-error-noscript\" style=\"display: none;\">Aby wype\u0142ni\u0107 ten formularz, w\u0142\u0105cz obs\u0142ug\u0119 JavaScript w przegl\u0105darce.<\/div>\n<div class=\"wpforms-field-container\">\n<div id=\"wpforms-1482-field_1-container\" class=\"wpforms-field wpforms-field-name\" data-field-id=\"1\">\n<fieldset>\n<legend class=\"wpforms-field-label\">Name <span class=\"wpforms-required-label\" aria-hidden=\"true\">*<\/span><\/legend>\n<div class=\"wpforms-field-row wpforms-field-medium\">\n<div class=\"wpforms-field-row-block wpforms-first wpforms-one-half\"><input type=\"text\" id=\"wpforms-1482-field_1\" class=\"wpforms-field-name-first wpforms-field-required\" name=\"wpforms[fields][1][first]\" aria-errormessage=\"wpforms-1482-field_1-error\" required><label for=\"wpforms-1482-field_1\" class=\"wpforms-field-sublabel after\">Pierwszy<\/label><\/div>\n<div class=\"wpforms-field-row-block wpforms-one-half\"><input type=\"text\" id=\"wpforms-1482-field_1-last\" class=\"wpforms-field-name-last wpforms-field-required\" name=\"wpforms[fields][1][last]\" aria-errormessage=\"wpforms-1482-field_1-last-error\" required><label for=\"wpforms-1482-field_1-last\" class=\"wpforms-field-sublabel after\">Ostatni<\/label><\/div>\n<\/div>\n<\/fieldset>\n<\/div>\n<div id=\"wpforms-1482-field_2-container\" class=\"wpforms-field wpforms-field-email\" data-field-id=\"2\"><label class=\"wpforms-field-label\" for=\"wpforms-1482-field_2\">Email <span class=\"wpforms-required-label\" aria-hidden=\"true\">*<\/span><\/label><input type=\"email\" id=\"wpforms-1482-field_2\" class=\"wpforms-field-medium wpforms-field-required\" name=\"wpforms[fields][2]\" spellcheck=\"false\" aria-errormessage=\"wpforms-1482-field_2-error\" required><\/div>\n<div id=\"wpforms-1482-field_4-container\" class=\"wpforms-field wpforms-field-number\" data-field-id=\"4\"><label class=\"wpforms-field-label\" for=\"wpforms-1482-field_4\">Phone <span class=\"wpforms-required-label\" aria-hidden=\"true\">*<\/span><\/label><input type=\"number\" id=\"wpforms-1482-field_4\" class=\"wpforms-field-medium wpforms-field-required\" name=\"wpforms[fields][4]\" step=\"any\" aria-errormessage=\"wpforms-1482-field_4-error\" required><\/div>\n<div id=\"wpforms-1482-field_9-container\" class=\"wpforms-field wpforms-field-text\" data-field-id=\"9\"><label class=\"wpforms-field-label\" for=\"wpforms-1482-field_9\">Country <span class=\"wpforms-required-label\" aria-hidden=\"true\">*<\/span><\/label><input type=\"text\" id=\"wpforms-1482-field_9\" class=\"wpforms-field-medium wpforms-field-required\" name=\"wpforms[fields][9]\" aria-errormessage=\"wpforms-1482-field_9-error\" required><\/div>\n<div id=\"wpforms-1482-field_5-container\"\n\t\t\tclass=\"wpforms-field wpforms-field-text\"\n\t\t\tdata-field-type=\"text\"\n\t\t\tdata-field-id=\"5\"\n\t\t\t><br \/>\n\t\t\t<label class=\"wpforms-field-label\" for=\"wpforms-1482-field_5\" >Country order Name<\/label><br \/>\n\t\t\t<input type=\"text\" id=\"wpforms-1482-field_5\" class=\"wpforms-field-medium\" name=\"wpforms[fields][5]\" >\n\t\t<\/div>\n<div id=\"wpforms-1482-field_3-container\" class=\"wpforms-field wpforms-field-textarea\" data-field-id=\"3\"><label class=\"wpforms-field-label\" for=\"wpforms-1482-field_3\">Bulk order <span class=\"wpforms-required-label\" aria-hidden=\"true\">*<\/span><\/label><textarea id=\"wpforms-1482-field_3\" class=\"wpforms-field-medium wpforms-field-required\" name=\"wpforms[fields][3]\" aria-errormessage=\"wpforms-1482-field_3-error\" required><\/textarea><\/div>\n<p><script>\n\t\t\t\t( function() {\n\t\t\t\t\tconst style = document.createElement( 'style' );\n\t\t\t\t\tstyle.appendChild( document.createTextNode( '#wpforms-1482-field_5-container { position: absolute !important; overflow: hidden !important; display: inline !important; height: 1px !important; width: 1px !important; z-index: -1000 !important; padding: 0 !important; } #wpforms-1482-field_5-container input { visibility: hidden; } #wpforms-conversational-form-page #wpforms-1482-field_5-container label { counter-increment: none; }' ) );\n\t\t\t\t\tdocument.head.appendChild( style );\n\t\t\t\t\tdocument.currentScript?.remove();\n\t\t\t\t} )();\n\t\t\t<\/script><\/div>\n<p><!-- .wpforms-field-container --><\/p>\n<div class=\"wpforms-submit-container\" ><input type=\"hidden\" name=\"wpforms[id]\" value=\"1482\"><input type=\"hidden\" name=\"page_title\" value=\"\"><input type=\"hidden\" name=\"page_url\" value=\"https:\/\/chickenexpressptyltd.com\/pl\/wp-json\/wp\/v2\/product\/1495\"><input type=\"hidden\" name=\"url_referer\" value=\"\"><button type=\"submit\" name=\"wpforms[submit]\" id=\"wpforms-submit-1482\" class=\"wpforms-submit\" data-alt-text=\"Sending...\" data-submit-text=\"Submit\" aria-live=\"assertive\" value=\"wpforms-submit\">Submit<\/button><img loading=\"lazy\" decoding=\"async\" src=\"https:\/\/chickenexpressptyltd.com\/wp-content\/plugins\/wpforms-lite\/assets\/images\/submit-spin.svg\" class=\"wpforms-submit-spinner\" style=\"display: none;\" width=\"26\" height=\"26\" alt=\"Wczytywanie\"><\/div>\n<\/form>\n<\/div>\n<p>  <!-- .wpforms-container --><\/p>\n","protected":false},"featured_media":1584,"comment_status":"open","ping_status":"closed","template":"","meta":[],"product_brand":[],"product_cat":[191],"product_tag":[145,179,144,175,151,188,166,181,157,158,159,180,169,171,161,160,183,147,163,176,143,142,174,141,170,187],"class_list":{"0":"post-1495","1":"product","2":"type-product","3":"status-publish","4":"has-post-thumbnail","6":"product_cat-whole-halal-chicken","7":"product_tag-100-fresh-frozen","8":"product_tag-bbq-chicken-wings","9":"product_tag-blast-frozen-poultry","10":"product_tag-buffalo-wings","11":"product_tag-bulk-chicken-sydney","12":"product_tag-buy-frozen-chicken-wings","13":"product_tag-catering-chicken-supplier","14":"product_tag-chicken-express-pty-ltd","15":"product_tag-chicken-wings-brisbane","16":"product_tag-chicken-wings-melbourne","17":"product_tag-chicken-wings-sydney","18":"product_tag-fried-chicken-wings","19":"product_tag-frozen-chicken-distributor","20":"product_tag-frozen-chicken-products","21":"product_tag-frozen-chicken-wholesale-prices","22":"product_tag-frozen-chicken-wings-australia","23":"product_tag-frozen-poultry-supplier","24":"product_tag-grade-a-chicken","25":"product_tag-hicken-exporter-australia","26":"product_tag-honey-soy-wings","27":"product_tag-long-shelf-life-chicken","28":"product_tag-meaty-chicken-wings","29":"product_tag-oven-roasted-wings","30":"product_tag-trusted-chicken-brand","31":"product_tag-wholesale-chicken-supplier","32":"product_tag-wholesale-chicken-wings","34":"first","35":"instock","36":"shipping-taxable","37":"purchasable","38":"product-type-variable"},"_links":{"self":[{"href":"https:\/\/chickenexpressptyltd.com\/pl\/wp-json\/wp\/v2\/product\/1495","targetHints":{"allow":["GET"]}}],"collection":[{"href":"https:\/\/chickenexpressptyltd.com\/pl\/wp-json\/wp\/v2\/product"}],"about":[{"href":"https:\/\/chickenexpressptyltd.com\/pl\/wp-json\/wp\/v2\/types\/product"}],"replies":[{"embeddable":true,"href":"https:\/\/chickenexpressptyltd.com\/pl\/wp-json\/wp\/v2\/comments?post=1495"}],"wp:featuredmedia":[{"embeddable":true,"href":"https:\/\/chickenexpressptyltd.com\/pl\/wp-json\/wp\/v2\/media\/1584"}],"wp:attachment":[{"href":"https:\/\/chickenexpressptyltd.com\/pl\/wp-json\/wp\/v2\/media?parent=1495"}],"wp:term":[{"taxonomy":"product_brand","embeddable":true,"href":"https:\/\/chickenexpressptyltd.com\/pl\/wp-json\/wp\/v2\/product_brand?post=1495"},{"taxonomy":"product_cat","embeddable":true,"href":"https:\/\/chickenexpressptyltd.com\/pl\/wp-json\/wp\/v2\/product_cat?post=1495"},{"taxonomy":"product_tag","embeddable":true,"href":"https:\/\/chickenexpressptyltd.com\/pl\/wp-json\/wp\/v2\/product_tag?post=1495"}],"curies":[{"name":"wp","href":"https:\/\/api.w.org\/{rel}","templated":true}]}}